{"id":110,"date":"2022-08-16T00:05:54","date_gmt":"2022-08-15T22:05:54","guid":{"rendered":"https:\/\/heosdashboard.app\/?page_id=110"},"modified":"2022-08-16T00:16:29","modified_gmt":"2022-08-15T22:16:29","slug":"releases","status":"publish","type":"page","link":"https:\/\/heosdashboard.app\/de\/releases\/","title":{"rendered":"Releases"},"content":{"rendered":"<div id=\"pl-110\"  class=\"panel-layout\" ><div id=\"pg-110-0\"  class=\"panel-grid panel-no-style\" ><div id=\"pgc-110-0-0\"  class=\"panel-grid-cell\" ><div id=\"panel-110-0-0-0\" class=\"so-panel widget widget_siteorigin-panels-postloop panel-first-child panel-last-child\" data-index=\"0\" >\n\n\t\t\n\t\t\n<article id=\"post-105\" class=\"post-105 post type-post status-publish format-standard hentry category-release\">\n\n\t\n\t<div class=\"entry-main\">\n\n\t\t\n\t\t<header class=\"entry-header\">\n\t\t\t\n\t\t\t<h1 class=\"entry-title\"><a href=\"https:\/\/heosdashboard.app\/de\/2022\/08\/16\/release-v1-9-2-0\/\" title=\"Permalink zu v1.9.2.0\" rel=\"bookmark\">v1.9.2.0<\/a><\/h1>\n\n\t\t\t\n\t\t<\/header><!-- .entry-header -->\n\n\t\t\t\t\t<div class=\"entry-content\">\n\t\t\t\t<div id=\"pl-105\"  class=\"panel-layout\" ><div id=\"pg-105-0\"  class=\"panel-grid panel-no-style\" ><div id=\"pgc-105-0-0\"  class=\"panel-grid-cell\" ><div id=\"panel-105-0-0-0\" class=\"so-panel widget widget_sow-editor panel-first-child panel-last-child\" data-index=\"0\" ><div\n\t\t\t\n\t\t\tclass=\"so-widget-sow-editor so-widget-sow-editor-base\"\n\t\t\t\n\t\t>\n<div class=\"siteorigin-widget-tinymce textwidget\">\n\t<p>22. Juli 2022<\/p>\n<ul>\n<li>Unterst\u00fctzung f\u00fcr Denon Home Ger\u00e4te<\/li>\n<\/ul>\n<\/div>\n<\/div><\/div><\/div><\/div><\/div>\t\t\t\t\t\t\t\t\t\t\t\t\t\t\t<\/div><!-- .entry-content -->\n\t\t\n\t\t\n\t<\/div>\n\n<\/article><!-- #post-105 -->\n\n\t\n\t\n<\/div><\/div><\/div><\/div>","protected":false},"excerpt":{"rendered":"<p>v1.9.2.0 July, 22 2022 Support for Denon Home devices<\/p>","protected":false},"author":1,"featured_media":0,"parent":0,"menu_order":0,"comment_status":"closed","ping_status":"closed","template":"home-panels.php","meta":{"footnotes":""},"class_list":["post-110","page","type-page","status-publish","hentry","post"],"_links":{"self":[{"href":"https:\/\/heosdashboard.app\/de\/wp-json\/wp\/v2\/pages\/110","targetHints":{"allow":["GET"]}}],"collection":[{"href":"https:\/\/heosdashboard.app\/de\/wp-json\/wp\/v2\/pages"}],"about":[{"href":"https:\/\/heosdashboard.app\/de\/wp-json\/wp\/v2\/types\/page"}],"author":[{"embeddable":true,"href":"https:\/\/heosdashboard.app\/de\/wp-json\/wp\/v2\/users\/1"}],"replies":[{"embeddable":true,"href":"https:\/\/heosdashboard.app\/de\/wp-json\/wp\/v2\/comments?post=110"}],"version-history":[{"count":10,"href":"https:\/\/heosdashboard.app\/de\/wp-json\/wp\/v2\/pages\/110\/revisions"}],"predecessor-version":[{"id":117,"href":"https:\/\/heosdashboard.app\/de\/wp-json\/wp\/v2\/pages\/110\/revisions\/117"}],"wp:attachment":[{"href":"https:\/\/heosdashboard.app\/de\/wp-json\/wp\/v2\/media?parent=110"}],"curies":[{"name":"wp","href":"https:\/\/api.w.org\/{rel}","templated":true}]}}